{"id":10023,"date":"2025-08-07T08:53:20","date_gmt":"2025-08-07T06:53:20","guid":{"rendered":"https:\/\/gsglobal-construction.com\/apply-for-a-job\/"},"modified":"2025-08-07T09:12:49","modified_gmt":"2025-08-07T07:12:49","slug":"bewerben-sie-sich-fuer-eine-stelle","status":"publish","type":"page","link":"https:\/\/gsglobal-construction.com\/de\/bewerben-sie-sich-fuer-eine-stelle\/","title":{"rendered":"Bewerben Sie sich f\u00fcr eine Stelle"},"content":{"rendered":"<div class=\"wpb-content-wrapper\"><p>[vc_row][vc_column width=&#8221;1\/6&#8243;][\/vc_column][vc_column width=&#8221;2\/3&#8243;][vc_column_text]<\/p>\n<h1 style=\"text-align: center;\">Bewerben Sie sich \u2013 Werden Sie Teil unseres Teams!<\/h1>\n<p><strong>Eine Karriere im Baugewerbe und in der Fertigung ist spannend und abwechslungsreich. Sie haben die M\u00f6glichkeit, an verschiedenen Projekten mitzuwirken, Ihre F\u00e4higkeiten zu erweitern und sich neuen Herausforderungen zu stellen. Mit unserer langj\u00e4hrigen Erfahrung in der Personalbeschaffung und im Baugewerbe sowie unserem breiten Netzwerk unterst\u00fctzen wir Sie bei Ihrer Jobsuche. Wir bieten Ihnen hervorragende Karrierechancen, wettbewerbsf\u00e4hige Geh\u00e4lter, erstklassige Ausstattung und Unterst\u00fctzung in allen herausfordernden Situationen.<\/strong>[\/vc_column_text][\/vc_column][vc_column width=&#8221;1\/6&#8243;][\/vc_column][\/vc_row][vc_row][vc_column][vc_empty_space][\/vc_column][\/vc_row][vc_row css=&#8221;.vc_custom_1744216674980{background-color: #eae8d5 !important;border-radius: 10px !important;}&#8221;][vc_column][vc_row_inner][vc_column_inner width=&#8221;1\/2&#8243;][vc_single_image image=&#8221;10016&#8243; img_size=&#8221;large&#8221; alignment=&#8221;center&#8221; css=&#8221;.vc_custom_1754549850527{padding-top: 20px !important;padding-right: 20px !important;padding-bottom: 20px !important;padding-left: 20px !important;border-radius: 15px !important;}&#8221; el_id=&#8221;im_order&#8221;][\/vc_column_inner][vc_column_inner width=&#8221;1\/2&#8243;][vc_column_text css=&#8221;.vc_custom_1754550767341{padding-top: 10px !important;padding-right: 10px !important;padding-bottom: 10px !important;padding-left: 10px !important;}&#8221;]<div class=\"wpforms-container wpforms-container-full order_form wpforms-render-modern\" id=\"wpforms-9992\"><form id=\"wpforms-form-9992\" class=\"wpforms-validate wpforms-form wpforms-ajax-form\" data-formid=\"9992\" method=\"post\" enctype=\"multipart\/form-data\" action=\"\/de\/wp-json\/wp\/v2\/pages\/10023?wpforms_form_id=9992\" data-token=\"e29ef4e6cb546cb25da381989962ec64\" data-token-time=\"1776158792\"><noscript class=\"wpforms-error-noscript\">Please enable JavaScript in your browser to complete this form.<\/noscript><div class=\"wpforms-hidden\" id=\"wpforms-error-noscript\">Please enable JavaScript in your browser to complete this form.<\/div><div class=\"wpforms-field-container\"><div id=\"wpforms-9992-field_18-container\" class=\"wpforms-field wpforms-field-name\" data-field-id=\"18\"><fieldset><legend class=\"wpforms-field-label\">Name <span class=\"wpforms-required-label\" aria-hidden=\"true\">*<\/span><\/legend><div class=\"wpforms-field-row wpforms-field-large\"><div class=\"wpforms-field-row-block wpforms-first wpforms-one-half\"><input type=\"text\" id=\"wpforms-9992-field_18\" class=\"wpforms-field-name-first wpforms-field-required\" name=\"wpforms[fields][18][first]\" aria-errormessage=\"wpforms-9992-field_18-error\" required><label for=\"wpforms-9992-field_18\" class=\"wpforms-field-sublabel after\">First<\/label><\/div><div class=\"wpforms-field-row-block wpforms-one-half\"><input type=\"text\" id=\"wpforms-9992-field_18-last\" class=\"wpforms-field-name-last wpforms-field-required\" name=\"wpforms[fields][18][last]\" aria-errormessage=\"wpforms-9992-field_18-last-error\" required><label for=\"wpforms-9992-field_18-last\" class=\"wpforms-field-sublabel after\">Last<\/label><\/div><\/div><\/fieldset><\/div><div id=\"wpforms-9992-field_5-container\" class=\"wpforms-field wpforms-field-phone\" data-field-id=\"5\"><label class=\"wpforms-field-label\" for=\"wpforms-9992-field_5\">Telefon <span class=\"wpforms-required-label\" aria-hidden=\"true\">*<\/span><\/label><input type=\"tel\" id=\"wpforms-9992-field_5\" class=\"wpforms-field-large wpforms-field-required wpforms-smart-phone-field\" data-rule-smart-phone-field=\"true\" name=\"wpforms[fields][5]\" aria-label=\"Telefon\" aria-errormessage=\"wpforms-9992-field_5-error\" required><\/div><div id=\"wpforms-9992-field_2-container\" class=\"wpforms-field wpforms-field-email\" data-field-id=\"2\"><label class=\"wpforms-field-label\" for=\"wpforms-9992-field_2\">E-Mail <span class=\"wpforms-required-label\" aria-hidden=\"true\">*<\/span><\/label><input type=\"email\" id=\"wpforms-9992-field_2\" class=\"wpforms-field-large wpforms-field-required\" name=\"wpforms[fields][2]\" spellcheck=\"false\" aria-errormessage=\"wpforms-9992-field_2-error\" required><\/div><div id=\"wpforms-9992-field_22-container\" class=\"wpforms-field wpforms-field-text\" data-field-id=\"22\"><label class=\"wpforms-field-label\" for=\"wpforms-9992-field_22\">Aktueller Wohnort <span class=\"wpforms-required-label\" aria-hidden=\"true\">*<\/span><\/label><input type=\"text\" id=\"wpforms-9992-field_22\" class=\"wpforms-field-large wpforms-field-required\" name=\"wpforms[fields][22]\" aria-errormessage=\"wpforms-9992-field_22-error\" required><\/div><div id=\"wpforms-9992-field_7-container\" class=\"wpforms-field wpforms-field-select wpforms-conditional-trigger wpforms-field-select-style-classic\" data-field-id=\"7\"><label class=\"wpforms-field-label\" for=\"wpforms-9992-field_7\">Ihr Beruf <span class=\"wpforms-required-label\" aria-hidden=\"true\">*<\/span><\/label><select id=\"wpforms-9992-field_7\" class=\"wpforms-field-large wpforms-field-required\" name=\"wpforms[fields][7]\" required=\"required\"><option value=\"\" class=\"placeholder\" disabled  selected='selected'>- W\u00e4hlen<\/option><option value=\"Maler\" >Maler<\/option><option value=\"Schwei\u00dfer\" >Schwei\u00dfer<\/option><option value=\"Elektriker\" >Elektriker<\/option><option value=\"Holzarbeiter\" >Holzarbeiter<\/option><option value=\"Reiniger\" >Reiniger<\/option><option value=\"Koch\" >Koch<\/option><option value=\"Stuckateur\" >Stuckateur<\/option><option value=\"LKW-Fahrer\" >LKW-Fahrer<\/option><option value=\"Gabelstaplerfahrer\" >Gabelstaplerfahrer<\/option><option value=\"CNC-Maschinenbediener\" >CNC-Maschinenbediener<\/option><option value=\"Bauarbeiter\" >Bauarbeiter<\/option><option value=\"Klempner\" >Klempner<\/option><option value=\"Mechaniker\/Techniker\" >Mechaniker\/Techniker<\/option><option value=\"Stahlfixierer\" >Stahlfixierer<\/option><option value=\"Tischler\/in f\u00fcr Metall\" >Tischler\/in f\u00fcr Metall<\/option><option value=\"Baumeister\" >Baumeister<\/option><option value=\"Fliesenleger\" >Fliesenleger<\/option><option value=\"Isolator\" >Isolator<\/option><option value=\"Bauleiter\" >Bauleiter<\/option><option value=\"Lagerarbeiter\" >Lagerarbeiter<\/option><option value=\"Hilfsarbeiter\" >Hilfsarbeiter<\/option><option value=\"Andere\" >Andere<\/option><\/select><\/div><div id=\"wpforms-9992-field_8-container\" class=\"wpforms-field wpforms-field-text wpforms-conditional-field wpforms-conditional-show\" data-field-id=\"8\" style=\"display:none;\"><label class=\"wpforms-field-label\" for=\"wpforms-9992-field_8\">Anderer Beruf<\/label><input type=\"text\" id=\"wpforms-9992-field_8\" class=\"wpforms-field-large\" name=\"wpforms[fields][8]\" aria-errormessage=\"wpforms-9992-field_8-error\" ><\/div><div id=\"wpforms-9992-field_24-container\" class=\"wpforms-field wpforms-field-text\" data-field-id=\"24\"><label class=\"wpforms-field-label\" for=\"wpforms-9992-field_24\">Sprachkenntnisse<\/label><input type=\"text\" id=\"wpforms-9992-field_24\" class=\"wpforms-field-large\" name=\"wpforms[fields][24]\" placeholder=\"Deutsch, Englisch, Franz\u00f6sisch\" aria-errormessage=\"wpforms-9992-field_24-error\" ><\/div><div id=\"wpforms-9992-field_11-container\" class=\"wpforms-field wpforms-field-richtext wpforms-field-richtext-toolbar-basic wpforms-field-medium\" data-field-id=\"11\"><fieldset><legend class=\"wpforms-field-label\">\u00dcber Ihre Berufserfahrung<\/legend><div id=\"wp-wpforms-9992-field_11-wrap\" class=\"wp-core-ui wp-editor-wrap tmce-active\"><link rel='stylesheet' id='dashicons-css' href='https:\/\/gsglobal-construction.com\/wp-includes\/css\/dashicons.min.css?ver=6.5.5' type='text\/css' media='all' \/>\n<link rel='stylesheet' id='editor-buttons-css' href='https:\/\/gsglobal-construction.com\/wp-includes\/css\/editor.min.css?ver=6.5.5' type='text\/css' media='all' \/>\n<div id=\"wp-wpforms-9992-field_11-editor-tools\" class=\"wp-editor-tools hide-if-no-js\"><div class=\"wp-editor-tabs\"><button type=\"button\" id=\"wpforms-9992-field_11-tmce\" class=\"wp-switch-editor switch-tmce\" data-wp-editor-id=\"wpforms-9992-field_11\">Visuell<\/button>\n<button type=\"button\" id=\"wpforms-9992-field_11-html\" class=\"wp-switch-editor switch-html\" data-wp-editor-id=\"wpforms-9992-field_11\">Text<\/button>\n<\/div>\n<\/div>\n<div id=\"wp-wpforms-9992-field_11-editor-container\" class=\"wp-editor-container\"><div id=\"qt_wpforms-9992-field_11_toolbar\" class=\"quicktags-toolbar hide-if-no-js\"><\/div><textarea class=\"wp-editor-area\" style=\"height: 120px\" autocomplete=\"off\" cols=\"40\" name=\"wpforms[fields][11]\" id=\"wpforms-9992-field_11\"><\/textarea><\/div>\n<\/div>\n\n<\/fieldset><\/div><div id=\"wpforms-9992-field_23-container\" class=\"wpforms-field wpforms-field-file-upload\" data-field-id=\"23\"><label class=\"wpforms-field-label\" for=\"wpforms-9992-field_23\">Lebenslauf hochladen<\/label><div\n\t\tclass=\"wpforms-uploader\"\n\t\tdata-field-id=\"23\"\n\t\tdata-form-id=\"9992\"\n\t\tdata-input-name=\"wpforms_9992_23\"\n\t\tdata-extensions=\"pdf,jpg,png,txt,doc,docx\"\n\t\tdata-max-size=\"2146435072\"\n\t\tdata-max-file-number=\"1\"\n\t\tdata-post-max-size=\"2146435072\"\n\t\tdata-max-parallel-uploads=\"4\"\n\t\tdata-parallel-uploads=\"true\"\n\t\tdata-file-chunk-size=\"2097152\">\n\t<div class=\"dz-message\">\n\t\t<svg viewBox=\"0 0 1024 1024\" focusable=\"false\" data-icon=\"inbox\" width=\"50px\" height=\"50px\" fill=\"currentColor\" aria-hidden=\"true\">\n\t\t\t<path d=\"M885.2 446.3l-.2-.8-112.2-285.1c-5-16.1-19.9-27.2-36.8-27.2H281.2c-17 0-32.1 11.3-36.9 27.6L139.4 443l-.3.7-.2.8c-1.3 4.9-1.7 9.9-1 14.8-.1 1.6-.2 3.2-.2 4.8V830a60.9 60.9 0 0 0 60.8 60.8h627.2c33.5 0 60.8-27.3 60.9-60.8V464.1c0-1.3 0-2.6-.1-3.7.4-4.9 0-9.6-1.3-14.1zm-295.8-43l-.3 15.7c-.8 44.9-31.8 75.1-77.1 75.1-22.1 0-41.1-7.1-54.8-20.6S436 441.2 435.6 419l-.3-15.7H229.5L309 210h399.2l81.7 193.3H589.4zm-375 76.8h157.3c24.3 57.1 76 90.8 140.4 90.8 33.7 0 65-9.4 90.3-27.2 22.2-15.6 39.5-37.4 50.7-63.6h156.5V814H214.4V480.1z\"><\/path>\n\t\t<\/svg>\n\t\t<span class=\"modern-title\">Klicke oder ziehe eine Datei in diesen Bereich zum Hochladen.<\/span>\n\n\t\t\t<\/div>\n<\/div>\n<input\n\t\ttype=\"text\"\n\t\tautocomplete=\"off\"\n\t\treadonly\n\t\tclass=\"dropzone-input\"\n\t\tstyle=\"position:absolute!important;clip:rect(0,0,0,0)!important;height:1px!important;width:1px!important;border:0!important;overflow:hidden!important;padding:0!important;margin:0!important;\"\n\t\tid=\"wpforms-9992-field_23\"\n\t\tname=\"wpforms_9992_23\" \t\tvalue=\"\">\n<\/div><div id=\"wpforms-9992-field_17-container\" class=\"wpforms-field wpforms-field-checkbox\" data-field-id=\"17\"><fieldset><legend class=\"wpforms-field-label\"> <span class=\"wpforms-required-label\" aria-hidden=\"true\">*<\/span><\/legend><ul id=\"wpforms-9992-field_17\" class=\"wpforms-field-required\"><li class=\"choice-1 depth-1\"><input type=\"checkbox\" id=\"wpforms-9992-field_17_1\" name=\"wpforms[fields][17][]\" value=\"Ich stimme der Verarbeitung meiner Daten gem\u00e4\u00df der Datenschutzerkl\u00e4rung zu.\" aria-errormessage=\"wpforms-9992-field_17_1-error\" required ><label class=\"wpforms-field-label-inline\" for=\"wpforms-9992-field_17_1\">Ich stimme der Verarbeitung meiner Daten gem\u00e4\u00df der Datenschutzerkl\u00e4rung zu.<\/label><\/li><\/ul><\/fieldset><\/div><\/div><!-- .wpforms-field-container --><div class=\"wpforms-submit-container\" ><input type=\"hidden\" name=\"wpforms[id]\" value=\"9992\"><input type=\"hidden\" name=\"page_title\" value=\"\"><input type=\"hidden\" name=\"page_url\" value=\"https:\/\/gsglobal-construction.com\/de\/wp-json\/wp\/v2\/pages\/10023\"><input type=\"hidden\" name=\"url_referer\" value=\"\"><button type=\"submit\" name=\"wpforms[submit]\" id=\"wpforms-submit-9992\" class=\"wpforms-submit order_button\" data-alt-text=\"Senden...\" data-submit-text=\"Einreichen\" aria-live=\"assertive\" value=\"wpforms-submit\">Einreichen<\/button><img loading=\"lazy\" decoding=\"async\" src=\"https:\/\/gsglobal-construction.com\/wp-content\/plugins\/wpforms\/assets\/images\/submit-spin.svg\" class=\"wpforms-submit-spinner\" style=\"display: none;\" width=\"26\" height=\"26\" alt=\"Loading\"><\/div><\/form><\/div>  <!-- .wpforms-container -->[\/vc_column_text][\/vc_column_inner][\/vc_row_inner][\/vc_column][\/vc_row][vc_row][vc_column][\/vc_column][\/vc_row]<\/p>\n<\/div>","protected":false},"excerpt":{"rendered":"<p>[vc_row][vc_column width=&#8221;1\/6&#8243;][\/vc_column][vc_column width=&#8221;2\/3&#8243;][vc_column_text] Bewerben Sie sich \u2013 Werden Sie Teil unseres Teams! Eine Karriere im Baugewerbe und in der Fertigung ist spannend und abwechslungsreich. Sie haben die M\u00f6glichkeit, an verschiedenen Projekten mitzuwirken, Ihre F\u00e4higkeiten zu erweitern und sich neuen Herausforderungen zu stellen. Mit unserer langj\u00e4hrigen Erfahrung in der Personalbeschaffung und im Baugewerbe sowie unserem breiten&#8230;<\/p>\n","protected":false},"author":1,"featured_media":0,"parent":0,"menu_order":0,"comment_status":"closed","ping_status":"closed","template":"","meta":{"_vp_format_video_url":"","_vp_image_focal_point":[],"footnotes":""},"_links":{"self":[{"href":"https:\/\/gsglobal-construction.com\/de\/wp-json\/wp\/v2\/pages\/10023"}],"collection":[{"href":"https:\/\/gsglobal-construction.com\/de\/wp-json\/wp\/v2\/pages"}],"about":[{"href":"https:\/\/gsglobal-construction.com\/de\/wp-json\/wp\/v2\/types\/page"}],"author":[{"embeddable":true,"href":"https:\/\/gsglobal-construction.com\/de\/wp-json\/wp\/v2\/users\/1"}],"replies":[{"embeddable":true,"href":"https:\/\/gsglobal-construction.com\/de\/wp-json\/wp\/v2\/comments?post=10023"}],"version-history":[{"count":2,"href":"https:\/\/gsglobal-construction.com\/de\/wp-json\/wp\/v2\/pages\/10023\/revisions"}],"predecessor-version":[{"id":10026,"href":"https:\/\/gsglobal-construction.com\/de\/wp-json\/wp\/v2\/pages\/10023\/revisions\/10026"}],"wp:attachment":[{"href":"https:\/\/gsglobal-construction.com\/de\/wp-json\/wp\/v2\/media?parent=10023"}],"curies":[{"name":"wp","href":"https:\/\/api.w.org\/{rel}","templated":true}]}}