{"id":10028,"date":"2025-08-07T08:46:47","date_gmt":"2025-08-07T06:46:47","guid":{"rendered":"https:\/\/gsglobal-construction.com\/hiring-temporary-staff\/"},"modified":"2025-08-07T09:15:16","modified_gmt":"2025-08-07T07:15:16","slug":"einstellung-von-zeitarbeitskraeften","status":"publish","type":"page","link":"https:\/\/gsglobal-construction.com\/de\/einstellung-von-zeitarbeitskraeften\/","title":{"rendered":"Einstellung von Zeitarbeitskr\u00e4ften"},"content":{"rendered":"<div class=\"wpb-content-wrapper\"><p>[vc_row][vc_column width=&#8221;1\/6&#8243;][\/vc_column][vc_column width=&#8221;2\/3&#8243;][vc_column_text]<\/p>\n<h1 style=\"text-align: center;\">Stellen Sie hier Mitarbeiter ein<\/h1>\n<p><strong><br \/>\nMit unserer umfassenden Erfahrung in der Personalbeschaffung und im Baugewerbe sowie einem gro\u00dfen Mitarbeiternetzwerk unterst\u00fctzen wir Sie jederzeit bei Bedarf. Mit uns stellen wir Ihnen die passende Anzahl an Fachkr\u00e4ften zur Verf\u00fcgung und gew\u00e4hrleisten so die Einhaltung Ihrer Projekttermine.<br \/>\n<\/strong>[\/vc_column_text][\/vc_column][vc_column width=&#8221;1\/6&#8243;][\/vc_column][\/vc_row][vc_row][vc_column][vc_empty_space][\/vc_column][\/vc_row][vc_row css=&#8221;.vc_custom_1744216674980{background-color: #eae8d5 !important;border-radius: 10px !important;}&#8221;][vc_column][vc_row_inner][vc_column_inner width=&#8221;1\/2&#8243;][vc_single_image image=&#8221;10007&#8243; img_size=&#8221;large&#8221; alignment=&#8221;center&#8221; css=&#8221;.vc_custom_1754549331739{padding-top: 20px !important;padding-right: 20px !important;padding-bottom: 20px !important;padding-left: 20px !important;border-radius: 15px !important;}&#8221; el_id=&#8221;im_order&#8221;][\/vc_column_inner][vc_column_inner width=&#8221;1\/2&#8243;][vc_column_text css=&#8221;.vc_custom_1754550911877{padding-top: 10px !important;padding-right: 10px !important;padding-bottom: 10px !important;padding-left: 10px !important;}&#8221;]<div class=\"wpforms-container wpforms-container-full order_form wpforms-render-modern\" id=\"wpforms-9994\"><form id=\"wpforms-form-9994\" class=\"wpforms-validate wpforms-form wpforms-ajax-form\" data-formid=\"9994\" method=\"post\" enctype=\"multipart\/form-data\" action=\"\/de\/wp-json\/wp\/v2\/pages\/10028\" data-token=\"687aade2e9bc97343a26a49516dbf4f2\" data-token-time=\"1776163101\"><noscript class=\"wpforms-error-noscript\">Please enable JavaScript in your browser to complete this form.<\/noscript><div class=\"wpforms-hidden\" id=\"wpforms-error-noscript\">Please enable JavaScript in your browser to complete this form.<\/div><div class=\"wpforms-field-container\"><div id=\"wpforms-9994-field_4-container\" class=\"wpforms-field wpforms-field-text\" data-field-id=\"4\"><label class=\"wpforms-field-label\" for=\"wpforms-9994-field_4\">Name der Firma <span class=\"wpforms-required-label\" aria-hidden=\"true\">*<\/span><\/label><input type=\"text\" id=\"wpforms-9994-field_4\" class=\"wpforms-field-large wpforms-field-required\" name=\"wpforms[fields][4]\" aria-errormessage=\"wpforms-9994-field_4-error\" required><\/div><div id=\"wpforms-9994-field_5-container\" class=\"wpforms-field wpforms-field-phone\" data-field-id=\"5\"><label class=\"wpforms-field-label\" for=\"wpforms-9994-field_5\">Telefon <span class=\"wpforms-required-label\" aria-hidden=\"true\">*<\/span><\/label><input type=\"tel\" id=\"wpforms-9994-field_5\" class=\"wpforms-field-large wpforms-field-required wpforms-smart-phone-field\" data-rule-smart-phone-field=\"true\" name=\"wpforms[fields][5]\" aria-label=\"Telefon\" aria-errormessage=\"wpforms-9994-field_5-error\" required><\/div><div id=\"wpforms-9994-field_2-container\" class=\"wpforms-field wpforms-field-email\" data-field-id=\"2\"><label class=\"wpforms-field-label\" for=\"wpforms-9994-field_2\">E-Mail <span class=\"wpforms-required-label\" aria-hidden=\"true\">*<\/span><\/label><input type=\"email\" id=\"wpforms-9994-field_2\" class=\"wpforms-field-large wpforms-field-required\" name=\"wpforms[fields][2]\" spellcheck=\"false\" aria-errormessage=\"wpforms-9994-field_2-error\" required><\/div><div id=\"wpforms-9994-field_7-container\" class=\"wpforms-field wpforms-field-select wpforms-conditional-trigger wpforms-field-select-style-classic\" data-field-id=\"7\"><label class=\"wpforms-field-label\" for=\"wpforms-9994-field_7\">Auswahl eines Spezialisten <span class=\"wpforms-required-label\" aria-hidden=\"true\">*<\/span><\/label><select id=\"wpforms-9994-field_7\" class=\"wpforms-field-large wpforms-field-required\" name=\"wpforms[fields][7]\" required=\"required\"><option value=\"\" class=\"placeholder\" disabled  selected='selected'>- W\u00e4hlen<\/option><option value=\"Maler\" >Maler<\/option><option value=\"Schwei\u00dfer\" >Schwei\u00dfer<\/option><option value=\"Elektriker\" >Elektriker<\/option><option value=\"Holzarbeiter\" >Holzarbeiter<\/option><option value=\"Reiniger\" >Reiniger<\/option><option value=\"Koch\" >Koch<\/option><option value=\"Stuckateur\" >Stuckateur<\/option><option value=\"LKW-Fahrer\" >LKW-Fahrer<\/option><option value=\"Gabelstaplerfahrer\" >Gabelstaplerfahrer<\/option><option value=\"CNC-Maschinenbediener\" >CNC-Maschinenbediener<\/option><option value=\"Bauarbeiter\" >Bauarbeiter<\/option><option value=\"Klempner\" >Klempner<\/option><option value=\"Mechaniker\/Techniker\" >Mechaniker\/Techniker<\/option><option value=\"Stahlfixierer\" >Stahlfixierer<\/option><option value=\"Tischler\/in f\u00fcr Metall\" >Tischler\/in f\u00fcr Metall<\/option><option value=\"Baumeister\" >Baumeister<\/option><option value=\"Fliesenleger\" >Fliesenleger<\/option><option value=\"Isolator\" >Isolator<\/option><option value=\"Bauleiter\" >Bauleiter<\/option><option value=\"Lagerarbeiter\" >Lagerarbeiter<\/option><option value=\"Hilfsarbeiter\" >Hilfsarbeiter<\/option><option value=\"Andere\" >Andere<\/option><\/select><\/div><div id=\"wpforms-9994-field_8-container\" class=\"wpforms-field wpforms-field-text wpforms-conditional-field wpforms-conditional-show\" data-field-id=\"8\" style=\"display:none;\"><label class=\"wpforms-field-label\" for=\"wpforms-9994-field_8\">Other profession<\/label><input type=\"text\" id=\"wpforms-9994-field_8\" class=\"wpforms-field-large\" name=\"wpforms[fields][8]\" aria-errormessage=\"wpforms-9994-field_8-error\" ><\/div><div id=\"wpforms-9994-field_9-container\" class=\"wpforms-field wpforms-field-select wpforms-conditional-trigger wpforms-field-select-style-classic\" data-field-id=\"9\"><label class=\"wpforms-field-label\" for=\"wpforms-9994-field_9\">Laufzeit des Arbeitnehmer\u00fcberlassungsvertrags <span class=\"wpforms-required-label\" aria-hidden=\"true\">*<\/span><\/label><select id=\"wpforms-9994-field_9\" class=\"wpforms-field-large wpforms-field-required\" name=\"wpforms[fields][9]\" required=\"required\"><option value=\"\" class=\"placeholder\" disabled  selected='selected'>- W\u00e4hlen<\/option><option value=\"1 Monat\" >1 Monat<\/option><option value=\"2 Monate\" >2 Monate<\/option><option value=\"3 Monate\" >3 Monate<\/option><option value=\"Von 1 Monat bis 12 Monate\" >Von 1 Monat bis 12 Monate<\/option><\/select><\/div><div id=\"wpforms-9994-field_10-container\" class=\"wpforms-field wpforms-field-text wpforms-conditional-field wpforms-conditional-show\" data-field-id=\"10\" style=\"display:none;\"><label class=\"wpforms-field-label\" for=\"wpforms-9994-field_10\">Geben Sie den Zeitraum an<\/label><input type=\"text\" id=\"wpforms-9994-field_10\" class=\"wpforms-field-large\" name=\"wpforms[fields][10]\" aria-errormessage=\"wpforms-9994-field_10-error\" ><\/div><div id=\"wpforms-9994-field_11-container\" class=\"wpforms-field wpforms-field-richtext wpforms-field-richtext-toolbar-basic wpforms-field-medium\" data-field-id=\"11\"><fieldset><legend class=\"wpforms-field-label\">W\u00fcnsche und besondere Anforderungen<\/legend><div id=\"wp-wpforms-9994-field_11-wrap\" class=\"wp-core-ui wp-editor-wrap tmce-active\"><link rel='stylesheet' id='dashicons-css' href='https:\/\/gsglobal-construction.com\/wp-includes\/css\/dashicons.min.css?ver=6.5.5' type='text\/css' media='all' \/>\n<link rel='stylesheet' id='editor-buttons-css' href='https:\/\/gsglobal-construction.com\/wp-includes\/css\/editor.min.css?ver=6.5.5' type='text\/css' media='all' \/>\n<div id=\"wp-wpforms-9994-field_11-editor-tools\" class=\"wp-editor-tools hide-if-no-js\"><div class=\"wp-editor-tabs\"><button type=\"button\" id=\"wpforms-9994-field_11-tmce\" class=\"wp-switch-editor switch-tmce\" data-wp-editor-id=\"wpforms-9994-field_11\">Visuell<\/button>\n<button type=\"button\" id=\"wpforms-9994-field_11-html\" class=\"wp-switch-editor switch-html\" data-wp-editor-id=\"wpforms-9994-field_11\">Text<\/button>\n<\/div>\n<\/div>\n<div id=\"wp-wpforms-9994-field_11-editor-container\" class=\"wp-editor-container\"><div id=\"qt_wpforms-9994-field_11_toolbar\" class=\"quicktags-toolbar hide-if-no-js\"><\/div><textarea class=\"wp-editor-area\" style=\"height: 120px\" autocomplete=\"off\" cols=\"40\" name=\"wpforms[fields][11]\" id=\"wpforms-9994-field_11\"><\/textarea><\/div>\n<\/div>\n\n<\/fieldset><\/div><div id=\"wpforms-9994-field_17-container\" class=\"wpforms-field wpforms-field-checkbox\" data-field-id=\"17\"><fieldset><legend class=\"wpforms-field-label\"> <span class=\"wpforms-required-label\" aria-hidden=\"true\">*<\/span><\/legend><ul id=\"wpforms-9994-field_17\" class=\"wpforms-field-required\"><li class=\"choice-1 depth-1\"><input type=\"checkbox\" id=\"wpforms-9994-field_17_1\" name=\"wpforms[fields][17][]\" value=\"Ich stimme der Verarbeitung meiner Daten gem\u00e4\u00df der Datenschutzerkl\u00e4rung zu.\" aria-errormessage=\"wpforms-9994-field_17_1-error\" required ><label class=\"wpforms-field-label-inline\" for=\"wpforms-9994-field_17_1\">Ich stimme der Verarbeitung meiner Daten gem\u00e4\u00df der Datenschutzerkl\u00e4rung zu.<\/label><\/li><\/ul><\/fieldset><\/div><\/div><!-- .wpforms-field-container --><div class=\"wpforms-submit-container\" ><input type=\"hidden\" name=\"wpforms[id]\" value=\"9994\"><input type=\"hidden\" name=\"page_title\" value=\"\"><input type=\"hidden\" name=\"page_url\" value=\"https:\/\/gsglobal-construction.com\/de\/wp-json\/wp\/v2\/pages\/10028\"><input type=\"hidden\" name=\"url_referer\" value=\"\"><button type=\"submit\" name=\"wpforms[submit]\" id=\"wpforms-submit-9994\" class=\"wpforms-submit order_button\" data-alt-text=\"Senden...\" data-submit-text=\"Einreichen\" aria-live=\"assertive\" value=\"wpforms-submit\">Einreichen<\/button><img loading=\"lazy\" decoding=\"async\" src=\"https:\/\/gsglobal-construction.com\/wp-content\/plugins\/wpforms\/assets\/images\/submit-spin.svg\" class=\"wpforms-submit-spinner\" style=\"display: none;\" width=\"26\" height=\"26\" alt=\"Loading\"><\/div><\/form><\/div>  <!-- .wpforms-container -->[\/vc_column_text][\/vc_column_inner][\/vc_row_inner][\/vc_column][\/vc_row][vc_row][vc_column][\/vc_column][\/vc_row]<\/p>\n<\/div>","protected":false},"excerpt":{"rendered":"<p>[vc_row][vc_column width=&#8221;1\/6&#8243;][\/vc_column][vc_column width=&#8221;2\/3&#8243;][vc_column_text] Stellen Sie hier Mitarbeiter ein Mit unserer umfassenden Erfahrung in der Personalbeschaffung und im Baugewerbe sowie einem gro\u00dfen Mitarbeiternetzwerk unterst\u00fctzen wir Sie jederzeit bei Bedarf. Mit uns stellen wir Ihnen die passende Anzahl an Fachkr\u00e4ften zur Verf\u00fcgung und gew\u00e4hrleisten so die Einhaltung Ihrer Projekttermine. [\/vc_column_text][\/vc_column][vc_column width=&#8221;1\/6&#8243;][\/vc_column][\/vc_row][vc_row][vc_column][vc_empty_space][\/vc_column][\/vc_row][vc_row css=&#8221;.vc_custom_1744216674980{background-color: #eae8d5 !important;border-radius: 10px !important;}&#8221;][vc_column][vc_row_inner][vc_column_inner width=&#8221;1\/2&#8243;][vc_single_image&#8230;<\/p>\n","protected":false},"author":1,"featured_media":0,"parent":0,"menu_order":0,"comment_status":"closed","ping_status":"closed","template":"","meta":{"_vp_format_video_url":"","_vp_image_focal_point":[],"footnotes":""},"_links":{"self":[{"href":"https:\/\/gsglobal-construction.com\/de\/wp-json\/wp\/v2\/pages\/10028"}],"collection":[{"href":"https:\/\/gsglobal-construction.com\/de\/wp-json\/wp\/v2\/pages"}],"about":[{"href":"https:\/\/gsglobal-construction.com\/de\/wp-json\/wp\/v2\/types\/page"}],"author":[{"embeddable":true,"href":"https:\/\/gsglobal-construction.com\/de\/wp-json\/wp\/v2\/users\/1"}],"replies":[{"embeddable":true,"href":"https:\/\/gsglobal-construction.com\/de\/wp-json\/wp\/v2\/comments?post=10028"}],"version-history":[{"count":2,"href":"https:\/\/gsglobal-construction.com\/de\/wp-json\/wp\/v2\/pages\/10028\/revisions"}],"predecessor-version":[{"id":10084,"href":"https:\/\/gsglobal-construction.com\/de\/wp-json\/wp\/v2\/pages\/10028\/revisions\/10084"}],"wp:attachment":[{"href":"https:\/\/gsglobal-construction.com\/de\/wp-json\/wp\/v2\/media?parent=10028"}],"curies":[{"name":"wp","href":"https:\/\/api.w.org\/{rel}","templated":true}]}}