{"id":10027,"date":"2025-08-07T08:46:47","date_gmt":"2025-08-07T06:46:47","guid":{"rendered":"https:\/\/gsglobal-construction.com\/hiring-temporary-staff\/"},"modified":"2025-08-12T17:18:31","modified_gmt":"2025-08-12T15:18:31","slug":"hiring-temporary-staff","status":"publish","type":"page","link":"https:\/\/gsglobal-construction.com\/et\/hiring-temporary-staff\/","title":{"rendered":"T\u00f6\u00f6j\u00f5u rentimine"},"content":{"rendered":"<div class=\"wpb-content-wrapper\"><p>[vc_row][vc_column width=&#8221;1\/6&#8243;][\/vc_column][vc_column width=&#8221;2\/3&#8243;][vc_column_text]<\/p>\n<h1 style=\"text-align: center;\">Palgake t\u00f6\u00f6tajaid siit<\/h1>\n<p><strong>T\u00e4nu laialdastele kogemustele v\u00e4rbamis- ja ehitusvaldkonnas ning ulatusliku t\u00f6\u00f6tajate v\u00f5rgustiku olemasolule, oleme valmis teid lisat\u00f6\u00f6j\u00f5u vajaduse korral aitama. Meie poole p\u00f6\u00f6rdudes v\u00f5ite olla kindel, et meil on olemas vajalik arv spetsialiste, kes tagavad teie projekti \u00f5igeaegse realiseerimise.<br \/>\n<\/strong>[\/vc_column_text][\/vc_column][vc_column width=&#8221;1\/6&#8243;][\/vc_column][\/vc_row][vc_row][vc_column][vc_empty_space][\/vc_column][\/vc_row][vc_row css=&#8221;.vc_custom_1744216674980{background-color: #eae8d5 !important;border-radius: 10px !important;}&#8221;][vc_column][vc_row_inner][vc_column_inner width=&#8221;1\/2&#8243;][vc_single_image image=&#8221;10007&#8243; img_size=&#8221;large&#8221; alignment=&#8221;center&#8221; css=&#8221;.vc_custom_1754549331739{padding-top: 20px !important;padding-right: 20px !important;padding-bottom: 20px !important;padding-left: 20px !important;border-radius: 15px !important;}&#8221; el_id=&#8221;im_order&#8221;][\/vc_column_inner][vc_column_inner width=&#8221;1\/2&#8243;][vc_column_text css=&#8221;.vc_custom_1754556644570{padding-top: 10px !important;padding-right: 10px !important;padding-bottom: 10px !important;padding-left: 10px !important;}&#8221;]<div class=\"wpforms-container wpforms-container-full order_form wpforms-render-modern\" id=\"wpforms-10059\"><form id=\"wpforms-form-10059\" class=\"wpforms-validate wpforms-form wpforms-ajax-form\" data-formid=\"10059\" method=\"post\" enctype=\"multipart\/form-data\" action=\"\/et\/wp-json\/wp\/v2\/pages\/10027\" data-token=\"adbdaeaa02ae0c04214f1df5462848f3\" data-token-time=\"1776149251\"><noscript class=\"wpforms-error-noscript\">Please enable JavaScript in your browser to complete this form.<\/noscript><div class=\"wpforms-hidden\" id=\"wpforms-error-noscript\">Please enable JavaScript in your browser to complete this form.<\/div><div class=\"wpforms-field-container\"><div id=\"wpforms-10059-field_4-container\" class=\"wpforms-field wpforms-field-text\" data-field-id=\"4\"><label class=\"wpforms-field-label\" for=\"wpforms-10059-field_4\">Ettev\u00f5tte nimi <span class=\"wpforms-required-label\" aria-hidden=\"true\">*<\/span><\/label><input type=\"text\" id=\"wpforms-10059-field_4\" class=\"wpforms-field-large wpforms-field-required\" name=\"wpforms[fields][4]\" aria-errormessage=\"wpforms-10059-field_4-error\" required><\/div><div id=\"wpforms-10059-field_5-container\" class=\"wpforms-field wpforms-field-phone\" data-field-id=\"5\"><label class=\"wpforms-field-label\" for=\"wpforms-10059-field_5\">Telefon <span class=\"wpforms-required-label\" aria-hidden=\"true\">*<\/span><\/label><input type=\"tel\" id=\"wpforms-10059-field_5\" class=\"wpforms-field-large wpforms-field-required wpforms-smart-phone-field\" data-rule-smart-phone-field=\"true\" name=\"wpforms[fields][5]\" aria-label=\"Telefon\" aria-errormessage=\"wpforms-10059-field_5-error\" required><\/div><div id=\"wpforms-10059-field_2-container\" class=\"wpforms-field wpforms-field-email\" data-field-id=\"2\"><label class=\"wpforms-field-label\" for=\"wpforms-10059-field_2\">E-post <span class=\"wpforms-required-label\" aria-hidden=\"true\">*<\/span><\/label><input type=\"email\" id=\"wpforms-10059-field_2\" class=\"wpforms-field-large wpforms-field-required\" name=\"wpforms[fields][2]\" spellcheck=\"false\" aria-errormessage=\"wpforms-10059-field_2-error\" required><\/div><div id=\"wpforms-10059-field_7-container\" class=\"wpforms-field wpforms-field-select wpforms-conditional-trigger wpforms-field-select-style-classic\" data-field-id=\"7\"><label class=\"wpforms-field-label\" for=\"wpforms-10059-field_7\">Spetsialisti valimine: <span class=\"wpforms-required-label\" aria-hidden=\"true\">*<\/span><\/label><select id=\"wpforms-10059-field_7\" class=\"wpforms-field-large wpforms-field-required\" name=\"wpforms[fields][7]\" required=\"required\"><option value=\"\" class=\"placeholder\" disabled  selected='selected'>- Vali<\/option><option value=\"Abit\u00f6\u00f6line\" >Abit\u00f6\u00f6line<\/option><option value=\"Betonit\u00f6\u00f6line\" >Betonit\u00f6\u00f6line<\/option><option value=\"Keevitaja\" >Keevitaja<\/option><option value=\"Ventilatsiooni paigaldaja\" >Ventilatsiooni paigaldaja<\/option><option value=\"Kokki\" >Kokki<\/option><option value=\"Plaatija\" >Plaatija<\/option><option value=\"Maaler\" >Maaler<\/option><option value=\"Veoautojuht\" >Veoautojuht<\/option><option value=\"Kahvelt\u00f5stukijuht\" >Kahvelt\u00f5stukijuht<\/option><option value=\"CNC-masina operaator\" >CNC-masina operaator<\/option><option value=\"Elektrik\" >Elektrik<\/option><option value=\"Torumees\" >Torumees<\/option><option value=\"Mehaanik\/Tehnik\" >Mehaanik\/Tehnik<\/option><option value=\"Demonteerija\" >Demonteerija<\/option><option value=\"Armeerija\" >Armeerija<\/option><option value=\"M\u00fc\u00fcrsepp\" >M\u00fc\u00fcrsepp<\/option><option value=\"Puusepp\" >Puusepp<\/option><option value=\"Isolaator\" >Isolaator<\/option><option value=\"Juhendaja\" >Juhendaja<\/option><option value=\"Laot\u00f6\u00f6taja\" >Laot\u00f6\u00f6taja<\/option><option value=\"\u00dcldt\u00f6\u00f6line\" >\u00dcldt\u00f6\u00f6line<\/option><option value=\"Krohvija\" >Krohvija<\/option><option value=\"Muu\" >Muu<\/option><\/select><\/div><div id=\"wpforms-10059-field_8-container\" class=\"wpforms-field wpforms-field-text wpforms-conditional-field wpforms-conditional-show\" data-field-id=\"8\" style=\"display:none;\"><label class=\"wpforms-field-label\" for=\"wpforms-10059-field_8\">Muu professioon<\/label><input type=\"text\" id=\"wpforms-10059-field_8\" class=\"wpforms-field-large\" name=\"wpforms[fields][8]\" aria-errormessage=\"wpforms-10059-field_8-error\" ><\/div><div id=\"wpforms-10059-field_9-container\" class=\"wpforms-field wpforms-field-select wpforms-conditional-trigger wpforms-field-select-style-classic\" data-field-id=\"9\"><label class=\"wpforms-field-label\" for=\"wpforms-10059-field_9\">T\u00f6\u00f6taja rendilepingu periood: <span class=\"wpforms-required-label\" aria-hidden=\"true\">*<\/span><\/label><select id=\"wpforms-10059-field_9\" class=\"wpforms-field-large wpforms-field-required\" name=\"wpforms[fields][9]\" required=\"required\"><option value=\"\" class=\"placeholder\" disabled  selected='selected'>- Vali<\/option><option value=\"1 kuu\" >1 kuu<\/option><option value=\"2 kuud\" >2 kuud<\/option><option value=\"3 kuud\" >3 kuud<\/option><option value=\"1 kuni 12 kuud\" >1 kuni 12 kuud<\/option><\/select><\/div><div id=\"wpforms-10059-field_10-container\" class=\"wpforms-field wpforms-field-text wpforms-conditional-field wpforms-conditional-show\" data-field-id=\"10\" style=\"display:none;\"><label class=\"wpforms-field-label\" for=\"wpforms-10059-field_10\">Palun t\u00e4psustage periood<\/label><input type=\"text\" id=\"wpforms-10059-field_10\" class=\"wpforms-field-large\" name=\"wpforms[fields][10]\" aria-errormessage=\"wpforms-10059-field_10-error\" ><\/div><div id=\"wpforms-10059-field_11-container\" class=\"wpforms-field wpforms-field-richtext wpforms-field-richtext-toolbar-basic wpforms-field-medium\" data-field-id=\"11\"><fieldset><legend class=\"wpforms-field-label\">Soovid ja erisoovid<\/legend><div id=\"wp-wpforms-10059-field_11-wrap\" class=\"wp-core-ui wp-editor-wrap tmce-active\"><link rel='stylesheet' id='dashicons-css' href='https:\/\/gsglobal-construction.com\/wp-includes\/css\/dashicons.min.css?ver=6.5.5' type='text\/css' media='all' \/>\n<link rel='stylesheet' id='editor-buttons-css' href='https:\/\/gsglobal-construction.com\/wp-includes\/css\/editor.min.css?ver=6.5.5' type='text\/css' media='all' \/>\n<div id=\"wp-wpforms-10059-field_11-editor-tools\" class=\"wp-editor-tools hide-if-no-js\"><div class=\"wp-editor-tabs\"><button type=\"button\" id=\"wpforms-10059-field_11-tmce\" class=\"wp-switch-editor switch-tmce\" data-wp-editor-id=\"wpforms-10059-field_11\">Visuaalredaktor<\/button>\n<button type=\"button\" id=\"wpforms-10059-field_11-html\" class=\"wp-switch-editor switch-html\" data-wp-editor-id=\"wpforms-10059-field_11\">Tekst<\/button>\n<\/div>\n<\/div>\n<div id=\"wp-wpforms-10059-field_11-editor-container\" class=\"wp-editor-container\"><div id=\"qt_wpforms-10059-field_11_toolbar\" class=\"quicktags-toolbar hide-if-no-js\"><\/div><textarea class=\"wp-editor-area\" style=\"height: 120px\" autocomplete=\"off\" cols=\"40\" name=\"wpforms[fields][11]\" id=\"wpforms-10059-field_11\"><\/textarea><\/div>\n<\/div>\n\n<\/fieldset><\/div><div id=\"wpforms-10059-field_17-container\" class=\"wpforms-field wpforms-field-checkbox\" data-field-id=\"17\"><fieldset><legend class=\"wpforms-field-label\"> <span class=\"wpforms-required-label\" aria-hidden=\"true\">*<\/span><\/legend><ul id=\"wpforms-10059-field_17\" class=\"wpforms-field-required\"><li class=\"choice-1 depth-1\"><input type=\"checkbox\" id=\"wpforms-10059-field_17_1\" name=\"wpforms[fields][17][]\" value=\"N\u00f5ustun oma andmete t\u00f6\u00f6tlemisega vastavalt privaatsuspoliitikale.\" aria-errormessage=\"wpforms-10059-field_17_1-error\" required ><label class=\"wpforms-field-label-inline\" for=\"wpforms-10059-field_17_1\">N\u00f5ustun oma andmete t\u00f6\u00f6tlemisega vastavalt privaatsuspoliitikale.<\/label><\/li><\/ul><\/fieldset><\/div><\/div><!-- .wpforms-field-container --><div class=\"wpforms-submit-container\" ><input type=\"hidden\" name=\"wpforms[id]\" value=\"10059\"><input type=\"hidden\" name=\"page_title\" value=\"\"><input type=\"hidden\" name=\"page_url\" value=\"https:\/\/gsglobal-construction.com\/et\/wp-json\/wp\/v2\/pages\/10027\"><input type=\"hidden\" name=\"url_referer\" value=\"\"><button type=\"submit\" name=\"wpforms[submit]\" id=\"wpforms-submit-10059\" class=\"wpforms-submit order_button\" data-alt-text=\"Saatmine...\" data-submit-text=\"Saata\" aria-live=\"assertive\" value=\"wpforms-submit\">Saata<\/button><img loading=\"lazy\" decoding=\"async\" src=\"https:\/\/gsglobal-construction.com\/wp-content\/plugins\/wpforms\/assets\/images\/submit-spin.svg\" class=\"wpforms-submit-spinner\" style=\"display: none;\" width=\"26\" height=\"26\" alt=\"Loading\"><\/div><\/form><\/div>  <!-- .wpforms-container -->[\/vc_column_text][\/vc_column_inner][\/vc_row_inner][\/vc_column][\/vc_row][vc_row][vc_column][\/vc_column][\/vc_row]<\/p>\n<\/div>","protected":false},"excerpt":{"rendered":"<p>[vc_row][vc_column width=&#8221;1\/6&#8243;][\/vc_column][vc_column width=&#8221;2\/3&#8243;][vc_column_text] Palgake t\u00f6\u00f6tajaid siit T\u00e4nu laialdastele kogemustele v\u00e4rbamis- ja ehitusvaldkonnas ning ulatusliku t\u00f6\u00f6tajate v\u00f5rgustiku olemasolule, oleme valmis teid lisat\u00f6\u00f6j\u00f5u vajaduse korral aitama. Meie poole p\u00f6\u00f6rdudes v\u00f5ite olla kindel, et meil on olemas vajalik arv spetsialiste, kes tagavad teie projekti \u00f5igeaegse realiseerimise. [\/vc_column_text][\/vc_column][vc_column width=&#8221;1\/6&#8243;][\/vc_column][\/vc_row][vc_row][vc_column][vc_empty_space][\/vc_column][\/vc_row][vc_row css=&#8221;.vc_custom_1744216674980{background-color: #eae8d5 !important;border-radius: 10px !important;}&#8221;][vc_column][vc_row_inner][vc_column_inner width=&#8221;1\/2&#8243;][vc_single_image image=&#8221;10007&#8243; img_size=&#8221;large&#8221; alignment=&#8221;center&#8221; css=&#8221;.vc_custom_1754549331739{padding-top:&#8230;<\/p>\n","protected":false},"author":1,"featured_media":0,"parent":0,"menu_order":0,"comment_status":"closed","ping_status":"closed","template":"","meta":{"_vp_format_video_url":"","_vp_image_focal_point":[],"footnotes":""},"_links":{"self":[{"href":"https:\/\/gsglobal-construction.com\/et\/wp-json\/wp\/v2\/pages\/10027"}],"collection":[{"href":"https:\/\/gsglobal-construction.com\/et\/wp-json\/wp\/v2\/pages"}],"about":[{"href":"https:\/\/gsglobal-construction.com\/et\/wp-json\/wp\/v2\/types\/page"}],"author":[{"embeddable":true,"href":"https:\/\/gsglobal-construction.com\/et\/wp-json\/wp\/v2\/users\/1"}],"replies":[{"embeddable":true,"href":"https:\/\/gsglobal-construction.com\/et\/wp-json\/wp\/v2\/comments?post=10027"}],"version-history":[{"count":4,"href":"https:\/\/gsglobal-construction.com\/et\/wp-json\/wp\/v2\/pages\/10027\/revisions"}],"predecessor-version":[{"id":10104,"href":"https:\/\/gsglobal-construction.com\/et\/wp-json\/wp\/v2\/pages\/10027\/revisions\/10104"}],"wp:attachment":[{"href":"https:\/\/gsglobal-construction.com\/et\/wp-json\/wp\/v2\/media?parent=10027"}],"curies":[{"name":"wp","href":"https:\/\/api.w.org\/{rel}","templated":true}]}}