{"id":8532,"date":"2019-07-30T10:24:29","date_gmt":"2019-07-30T10:24:29","guid":{"rendered":"https:\/\/gsglobal-construction.com\/projects\/"},"modified":"2019-11-13T18:24:20","modified_gmt":"2019-11-13T16:24:20","slug":"projektid","status":"publish","type":"page","link":"https:\/\/gsglobal-construction.com\/et\/projektid\/","title":{"rendered":"Projektid"},"content":{"rendered":"<div class=\"wpb-content-wrapper\"><p>[vc_row css=&#8221;.vc_custom_1565006753553{padding-top: 100px !important;padding-bottom: 70px !important;}&#8221;][vc_column]<div class=\"rs-project-section   \">\r\n\t\t<div class=\"\"><div class=\"grid\"> <div class=\"row\">\t\t\t\t\r\n\t\t\t\t<div class=\"col-lg-4  col-md-6 grid-item mb-30 filter_education-et filter_education \">\r\n\r\n                            <div class=\"project-item\">\r\n\t\t\t                        <img decoding=\"async\" src=\"https:\/\/gsglobal-construction.com\/wp-content\/uploads\/2018\/12\/future1-520x640.jpg\" alt=\"Ehitust\u00f6\u00f6d L\u00e4tis k\u00f5rgepingemastide vundamentide paigaldamisel ja valamisel\" \/>\r\n\t\t\t                        <div class=\"project-content\">\r\n\t\t\t                            <div class=\"p-icon\">\r\n\t\t\t                                <a href=\"https:\/\/gsglobal-construction.com\/et\/portfolio\/ehitustood-latis-korgepingemastide-vundamentide-paigaldamisel-ja-valamisel\/\"><i class=\"glyph-icon flaticon-next\"><\/i><\/a>\r\n\t\t\t                            <\/div>\r\n\t\t\t                            <div class=\"title\">\r\n\t\t\t                                 <span> <a href=\"https:\/\/gsglobal-construction.com\/et\/portfolio-category\/education-et\/\" rel=\"tag\">\u00dcldehitus<\/a><span class=\"separator\">,<\/span> <a href=\"https:\/\/gsglobal-construction.com\/ru\/portfolio-category\/education\/\" rel=\"tag\">\u041e\u0431\u0449\u0435\u0435 \u0441\u0442\u0440\u043e\u0438\u0442\u0435\u043b\u044c\u0441\u0442\u0432\u043e<\/a><\/span>\r\n\t\t\t                                <a href=\"https:\/\/gsglobal-construction.com\/et\/portfolio\/ehitustood-latis-korgepingemastide-vundamentide-paigaldamisel-ja-valamisel\/\">Ehitust\u00f6\u00f6d L\u00e4tis k\u00f5rgepingemastide vundamentide paigaldamisel ja valamisel<\/a>\r\n\t\t\t                            <\/div>\r\n\t\t\t                        <\/div>\r\n\t\t\t                 <\/div>\r\n\r\n                        <\/div>\t\t\t\t\r\n\t\t\t\t<div class=\"col-lg-4  col-md-6 grid-item mb-30 filter_education-et filter_education \">\r\n\r\n                            <div class=\"project-item\">\r\n\t\t\t                        <img decoding=\"async\" src=\"https:\/\/gsglobal-construction.com\/wp-content\/uploads\/2018\/12\/future2-520x640.jpg\" alt=\"Raudteesilla remont Keilas\" \/>\r\n\t\t\t                        <div class=\"project-content\">\r\n\t\t\t                            <div class=\"p-icon\">\r\n\t\t\t                                <a href=\"https:\/\/gsglobal-construction.com\/et\/portfolio\/raudteesilla-remont-keilas\/\"><i class=\"glyph-icon flaticon-next\"><\/i><\/a>\r\n\t\t\t                            <\/div>\r\n\t\t\t                            <div class=\"title\">\r\n\t\t\t                                 <span> <a href=\"https:\/\/gsglobal-construction.com\/et\/portfolio-category\/education-et\/\" rel=\"tag\">\u00dcldehitus<\/a><span class=\"separator\">,<\/span> <a href=\"https:\/\/gsglobal-construction.com\/ru\/portfolio-category\/education\/\" rel=\"tag\">\u041e\u0431\u0449\u0435\u0435 \u0441\u0442\u0440\u043e\u0438\u0442\u0435\u043b\u044c\u0441\u0442\u0432\u043e<\/a><\/span>\r\n\t\t\t                                <a href=\"https:\/\/gsglobal-construction.com\/et\/portfolio\/raudteesilla-remont-keilas\/\">Raudteesilla remont Keilas<\/a>\r\n\t\t\t                            <\/div>\r\n\t\t\t                        <\/div>\r\n\t\t\t                 <\/div>\r\n\r\n                        <\/div>\t\t\t\t\r\n\t\t\t\t<div class=\"col-lg-4  col-md-6 grid-item mb-30 filter_education-et filter_education \">\r\n\r\n                            <div class=\"project-item\">\r\n\t\t\t                        <img decoding=\"async\" src=\"https:\/\/gsglobal-construction.com\/wp-content\/uploads\/2018\/12\/future3-520x640.jpg\" alt=\"Raudteeplatvormi rekonstrueerimine Paldiskis\" \/>\r\n\t\t\t                        <div class=\"project-content\">\r\n\t\t\t                            <div class=\"p-icon\">\r\n\t\t\t                                <a href=\"https:\/\/gsglobal-construction.com\/et\/portfolio\/raudteeplatvormi-rekonstrueerimine-paldiskis\/\"><i class=\"glyph-icon flaticon-next\"><\/i><\/a>\r\n\t\t\t                            <\/div>\r\n\t\t\t                            <div class=\"title\">\r\n\t\t\t                                 <span> <a href=\"https:\/\/gsglobal-construction.com\/et\/portfolio-category\/education-et\/\" rel=\"tag\">\u00dcldehitus<\/a><span class=\"separator\">,<\/span> <a href=\"https:\/\/gsglobal-construction.com\/ru\/portfolio-category\/education\/\" rel=\"tag\">\u041e\u0431\u0449\u0435\u0435 \u0441\u0442\u0440\u043e\u0438\u0442\u0435\u043b\u044c\u0441\u0442\u0432\u043e<\/a><\/span>\r\n\t\t\t                                <a href=\"https:\/\/gsglobal-construction.com\/et\/portfolio\/raudteeplatvormi-rekonstrueerimine-paldiskis\/\">Raudteeplatvormi rekonstrueerimine Paldiskis<\/a>\r\n\t\t\t                            <\/div>\r\n\t\t\t                        <\/div>\r\n\t\t\t                 <\/div>\r\n\r\n                        <\/div>\t\t\t\t\r\n\t\t\t\t<div class=\"col-lg-4  col-md-6 grid-item mb-30 filter_education-et filter_education \">\r\n\r\n                            <div class=\"project-item\">\r\n\t\t\t                        <img decoding=\"async\" src=\"https:\/\/gsglobal-construction.com\/wp-content\/uploads\/2018\/12\/future4-520x640.jpg\" alt=\"Muuga sadama s\u00f6eterminali demonteerimine\" \/>\r\n\t\t\t                        <div class=\"project-content\">\r\n\t\t\t                            <div class=\"p-icon\">\r\n\t\t\t                                <a href=\"https:\/\/gsglobal-construction.com\/et\/portfolio\/muuga-sadama-soeterminali-demonteerimine\/\"><i class=\"glyph-icon flaticon-next\"><\/i><\/a>\r\n\t\t\t                            <\/div>\r\n\t\t\t                            <div class=\"title\">\r\n\t\t\t                                 <span> <a href=\"https:\/\/gsglobal-construction.com\/et\/portfolio-category\/education-et\/\" rel=\"tag\">\u00dcldehitus<\/a><span class=\"separator\">,<\/span> <a href=\"https:\/\/gsglobal-construction.com\/ru\/portfolio-category\/education\/\" rel=\"tag\">\u041e\u0431\u0449\u0435\u0435 \u0441\u0442\u0440\u043e\u0438\u0442\u0435\u043b\u044c\u0441\u0442\u0432\u043e<\/a><\/span>\r\n\t\t\t                                <a href=\"https:\/\/gsglobal-construction.com\/et\/portfolio\/muuga-sadama-soeterminali-demonteerimine\/\">Muuga sadama s\u00f6eterminali demonteerimine<\/a>\r\n\t\t\t                            <\/div>\r\n\t\t\t                        <\/div>\r\n\t\t\t                 <\/div>\r\n\r\n                        <\/div>\t\t\t\t\r\n\t\t\t\t<div class=\"col-lg-4  col-md-6 grid-item mb-30 filter_education-et filter_education \">\r\n\r\n                            <div class=\"project-item\">\r\n\t\t\t                        <img decoding=\"async\" src=\"https:\/\/gsglobal-construction.com\/wp-content\/uploads\/2018\/12\/furure-6-520x640.jpg\" alt=\"Silla rekonstrueerimine Tamsalus\" \/>\r\n\t\t\t                        <div class=\"project-content\">\r\n\t\t\t                            <div class=\"p-icon\">\r\n\t\t\t                                <a href=\"https:\/\/gsglobal-construction.com\/et\/portfolio\/silla-rekonstrueerimine-tamsalus\/\"><i class=\"glyph-icon flaticon-next\"><\/i><\/a>\r\n\t\t\t                            <\/div>\r\n\t\t\t                            <div class=\"title\">\r\n\t\t\t                                 <span> <a href=\"https:\/\/gsglobal-construction.com\/et\/portfolio-category\/education-et\/\" rel=\"tag\">\u00dcldehitus<\/a><span class=\"separator\">,<\/span> <a href=\"https:\/\/gsglobal-construction.com\/ru\/portfolio-category\/education\/\" rel=\"tag\">\u041e\u0431\u0449\u0435\u0435 \u0441\u0442\u0440\u043e\u0438\u0442\u0435\u043b\u044c\u0441\u0442\u0432\u043e<\/a><\/span>\r\n\t\t\t                                <a href=\"https:\/\/gsglobal-construction.com\/et\/portfolio\/silla-rekonstrueerimine-tamsalus\/\">Silla rekonstrueerimine Tamsalus<\/a>\r\n\t\t\t                            <\/div>\r\n\t\t\t                        <\/div>\r\n\t\t\t                 <\/div>\r\n\r\n                        <\/div>\t\t\t\t\r\n\t\t\t\t<div class=\"col-lg-4  col-md-6 grid-item mb-30 filter_education-et filter_education \">\r\n\r\n                            <div class=\"project-item\">\r\n\t\t\t                        <img decoding=\"async\" src=\"https:\/\/gsglobal-construction.com\/wp-content\/uploads\/2018\/12\/233-520x640.jpg\" alt=\"Silla rekonstrueerimine J\u00f5geval\" \/>\r\n\t\t\t                        <div class=\"project-content\">\r\n\t\t\t                            <div class=\"p-icon\">\r\n\t\t\t                                <a href=\"https:\/\/gsglobal-construction.com\/et\/portfolio\/silla-rekonstrueerimine-jogeval\/\"><i class=\"glyph-icon flaticon-next\"><\/i><\/a>\r\n\t\t\t                            <\/div>\r\n\t\t\t                            <div class=\"title\">\r\n\t\t\t                                 <span> <a href=\"https:\/\/gsglobal-construction.com\/et\/portfolio-category\/education-et\/\" rel=\"tag\">\u00dcldehitus<\/a><span class=\"separator\">,<\/span> <a href=\"https:\/\/gsglobal-construction.com\/ru\/portfolio-category\/education\/\" rel=\"tag\">\u041e\u0431\u0449\u0435\u0435 \u0441\u0442\u0440\u043e\u0438\u0442\u0435\u043b\u044c\u0441\u0442\u0432\u043e<\/a><\/span>\r\n\t\t\t                                <a href=\"https:\/\/gsglobal-construction.com\/et\/portfolio\/silla-rekonstrueerimine-jogeval\/\">Silla rekonstrueerimine J\u00f5geval<\/a>\r\n\t\t\t                            <\/div>\r\n\t\t\t                        <\/div>\r\n\t\t\t                 <\/div>\r\n\r\n                        <\/div><\/div><\/div>\r\n\t\t<\/div>\r\n\t\t<\/div>[\/vc_column][\/vc_row]<\/p>\n<\/div>","protected":false},"excerpt":{"rendered":"<p>[vc_row css=&#8221;.vc_custom_1565006753553{padding-top: 100px !important;padding-bottom: 70px !important;}&#8221;][vc_column][\/vc_column]&#8230;<\/p>\n","protected":false},"author":1,"featured_media":0,"parent":0,"menu_order":0,"comment_status":"closed","ping_status":"closed","template":"","meta":{"_vp_format_video_url":"","_vp_image_focal_point":[],"footnotes":""},"_links":{"self":[{"href":"https:\/\/gsglobal-construction.com\/et\/wp-json\/wp\/v2\/pages\/8532"}],"collection":[{"href":"https:\/\/gsglobal-construction.com\/et\/wp-json\/wp\/v2\/pages"}],"about":[{"href":"https:\/\/gsglobal-construction.com\/et\/wp-json\/wp\/v2\/types\/page"}],"author":[{"embeddable":true,"href":"https:\/\/gsglobal-construction.com\/et\/wp-json\/wp\/v2\/users\/1"}],"replies":[{"embeddable":true,"href":"https:\/\/gsglobal-construction.com\/et\/wp-json\/wp\/v2\/comments?post=8532"}],"version-history":[{"count":1,"href":"https:\/\/gsglobal-construction.com\/et\/wp-json\/wp\/v2\/pages\/8532\/revisions"}],"predecessor-version":[{"id":8605,"href":"https:\/\/gsglobal-construction.com\/et\/wp-json\/wp\/v2\/pages\/8532\/revisions\/8605"}],"wp:attachment":[{"href":"https:\/\/gsglobal-construction.com\/et\/wp-json\/wp\/v2\/media?parent=8532"}],"curies":[{"name":"wp","href":"https:\/\/api.w.org\/{rel}","templated":true}]}}